{"id":14354,"date":"2023-03-10T14:21:39","date_gmt":"2023-03-10T14:21:39","guid":{"rendered":"http:\/\/dummy.xtemos.com\/woodmart2\/elementor\/?page_id=14354"},"modified":"2023-08-29T21:46:35","modified_gmt":"2023-08-29T21:46:35","slug":"inicio","status":"publish","type":"page","link":"https:\/\/aso.caritomiel.com\/","title":{"rendered":"Inicio"},"content":{"rendered":"\t\t<div data-elementor-type=\"wp-page\" data-elementor-id=\"14354\" class=\"elementor elementor-14354\">\n\t\t\t\t\t\t\t\t\t<section class=\"wd-negative-gap elementor-section elementor-top-section elementor-element elementor-element-2fe785b wd-section-stretch elementor-section-boxed elementor-section-height-default elementor-section-height-default\" data-id=\"2fe785b\" data-element_type=\"section\" data-settings=\"{&quot;background_background&quot;:&quot;classic&quot;}\">\n\t\t\t\t\t\t<div class=\"elementor-container elementor-column-gap-default\">\n\t\t\t\t\t<div class=\"elementor-column elementor-col-100 elementor-top-column elementor-element elementor-element-609764a\" data-id=\"609764a\" data-element_type=\"column\">\n\t\t\t<div class=\"elementor-widget-wrap elementor-element-populated\">\n\t\t\t\t\t\t\t\t<section class=\"wd-negative-gap elementor-section elementor-inner-section elementor-element elementor-element-c7c7eb3 elementor-section-content-middle elementor-section-boxed elementor-section-height-default elementor-section-height-default wd-section-disabled\" data-id=\"c7c7eb3\" data-element_type=\"section\">\n\t\t\t\t\t\t<div class=\"elementor-container elementor-column-gap-default\">\n\t\t\t\t\t<div class=\"elementor-column elementor-col-50 elementor-inner-column elementor-element elementor-element-d216075\" data-id=\"d216075\" data-element_type=\"column\">\n\t\t\t<div class=\"elementor-widget-wrap elementor-element-populated\">\n\t\t\t\t\t\t\t\t<div class=\"elementor-element elementor-element-ba11772 elementor-widget elementor-widget-wd_title\" data-id=\"ba11772\" data-element_type=\"widget\" data-widget_type=\"wd_title.default\">\n\t\t\t\t<div class=\"elementor-widget-container\">\n\t\t\t\t\t\t<link rel=\"stylesheet\" id=\"wd-section-title-css\" href=\"https:\/\/aso.caritomiel.com\/wp-content\/themes\/woodmart\/css\/parts\/el-section-title.min.css?ver=7.2.3\" type=\"text\/css\" media=\"all\" \/> \t\t\t\t\t<div class=\"title-wrapper set-mb-s reset-last-child wd-title-color-default wd-title-style-default wd-title-size-medium text-left\">\n\n\t\t\t\n\t\t\t<div class=\"liner-continer\">\n\t\t\t\t<h1 class=\"woodmart-title-container title wd-fontsize-xl\">Asociaci\u00f3n de Profesionales de la Belleza y Asociados<\/h1> \n\t\t\t\t\t\t\t<\/div>\n\n\t\t\t\t\t<\/div>\n\t\t\t\t<\/div>\n\t\t\t\t<\/div>\n\t\t\t\t<div class=\"elementor-element elementor-element-d7e9a9c elementor-widget elementor-widget-wd_text_block\" data-id=\"d7e9a9c\" data-element_type=\"widget\" data-widget_type=\"wd_text_block.default\">\n\t\t\t\t<div class=\"elementor-widget-container\">\n\t\t\t\t\t\t<link rel=\"stylesheet\" id=\"wd-text-block-css\" href=\"https:\/\/aso.caritomiel.com\/wp-content\/themes\/woodmart\/css\/parts\/el-text-block.min.css?ver=7.2.3\" type=\"text\/css\" media=\"all\" \/> \t\t\t\t\t<div class=\"wd-text-block reset-last-child text-left\">\n\t\t\t\n\t\t\t\n\t\t\t\t\t<\/div>\n\t\t\t\t<\/div>\n\t\t\t\t<\/div>\n\t\t\t\t<div class=\"elementor-element elementor-element-132e536 elementor-widget elementor-widget-wd_contact_form_7\" data-id=\"132e536\" data-element_type=\"widget\" data-widget_type=\"wd_contact_form_7.default\">\n\t\t\t\t<div class=\"elementor-widget-container\">\n\t\t\t\n<div class=\"wpcf7 no-js\" id=\"wpcf7-f14361-o1\" lang=\"en-US\" dir=\"ltr\">\n<div class=\"screen-reader-response\"><p role=\"status\" aria-live=\"polite\" aria-atomic=\"true\"><\/p> <ul><\/ul><\/div>\n<form action=\"\/index.php?rest_route=%2Fwp%2Fv2%2Fpages%2F14354#wpcf7-f14361-o1\" method=\"post\" class=\"wpcf7-form init\" aria-label=\"Contact form\" novalidate=\"novalidate\" data-status=\"init\">\n<div style=\"display: none;\">\n<input type=\"hidden\" name=\"_wpcf7\" value=\"14361\" \/>\n<input type=\"hidden\" name=\"_wpcf7_version\" value=\"5.7.6\" \/>\n<input type=\"hidden\" name=\"_wpcf7_locale\" value=\"en_US\" \/>\n<input type=\"hidden\" name=\"_wpcf7_unit_tag\" value=\"wpcf7-f14361-o1\" \/>\n<input type=\"hidden\" name=\"_wpcf7_container_post\" value=\"0\" \/>\n<input type=\"hidden\" name=\"_wpcf7_posted_data_hash\" value=\"\" \/>\n<\/div>\n<div class=\"row wd-spacing-20\">\n\t<p class=\"col-lg-4\"><span class=\"wpcf7-form-control-wrap\" data-name=\"Your\"><input size=\"40\" class=\"wpcf7-form-control wpcf7-text wpcf7-validates-as-required\" aria-required=\"true\" aria-invalid=\"false\" placeholder=\"Nombre\" value=\"\" type=\"text\" name=\"Your\" \/><\/span>\n\t<\/p>\n\t<p class=\"col-lg-4\"><span class=\"wpcf7-form-control-wrap\" data-name=\"Your\"><input size=\"40\" class=\"wpcf7-form-control wpcf7-text wpcf7-validates-as-required\" aria-required=\"true\" aria-invalid=\"false\" placeholder=\"Tel\u00e9fono celular\" value=\"\" type=\"text\" name=\"Your\" \/><\/span>\n\t<\/p>\n\t<p class=\"col-lg-4\"><input class=\"wpcf7-form-control has-spinner wpcf7-submit btn btn-color-primary btn-style-semi-round btn-full-width\" type=\"submit\" value=\"Me interesa ser socio\" \/>\n\t<\/p>\n<\/div><div class=\"wpcf7-response-output\" aria-hidden=\"true\"><\/div>\n<\/form>\n<\/div>\n\t\t<\/div>\n\t\t\t\t<\/div>\n\t\t\t\t\t<\/div>\n\t\t<\/div>\n\t\t\t\t<div class=\"elementor-column elementor-col-50 elementor-inner-column elementor-element elementor-element-0e5062c\" data-id=\"0e5062c\" data-element_type=\"column\">\n\t\t\t<div class=\"elementor-widget-wrap elementor-element-populated\">\n\t\t\t\t\t\t\t\t<div class=\"elementor-element elementor-element-8b940db elementor-widget elementor-widget-wd_image_or_svg\" data-id=\"8b940db\" data-element_type=\"widget\" data-widget_type=\"wd_image_or_svg.default\">\n\t\t\t\t<div class=\"elementor-widget-container\">\n\t\t\t\n\t\t<div class=\"wd-image text-left\">\n\t\t\t\t\t\t\t\t<img width=\"612\" height=\"408\" src=\"https:\/\/aso.caritomiel.com\/wp-content\/uploads\/2023\/05\/d582c55b1c-removebg-preview.png\" class=\"attachment-full size-full wp-image-15613\" alt=\"\" decoding=\"async\" loading=\"lazy\" srcset=\"https:\/\/aso.caritomiel.com\/wp-content\/uploads\/2023\/05\/d582c55b1c-removebg-preview.png 612w, https:\/\/aso.caritomiel.com\/wp-content\/uploads\/2023\/05\/d582c55b1c-removebg-preview-430x287.png 430w, https:\/\/aso.caritomiel.com\/wp-content\/uploads\/2023\/05\/d582c55b1c-removebg-preview-150x100.png 150w, https:\/\/aso.caritomiel.com\/wp-content\/uploads\/2023\/05\/d582c55b1c-removebg-preview-400x267.png 400w\" sizes=\"(max-width: 612px) 100vw, 612px\" \/>\t\t\t\t\t<\/div>\n\n\t\t\t\t<\/div>\n\t\t\t\t<\/div>\n\t\t\t\t\t<\/div>\n\t\t<\/div>\n\t\t\t\t\t\t\t<\/div>\n\t\t<\/section>\n\t\t\t\t\t<\/div>\n\t\t<\/div>\n\t\t\t\t\t\t\t<\/div>\n\t\t<\/section>\n\t\t\t\t<section class=\"wd-negative-gap elementor-section elementor-top-section elementor-element elementor-element-28fa635 wd-section-stretch elementor-section-boxed elementor-section-height-default elementor-section-height-default\" data-id=\"28fa635\" data-element_type=\"section\" data-settings=\"{&quot;background_background&quot;:&quot;gradient&quot;}\">\n\t\t\t\t\t\t<div class=\"elementor-container elementor-column-gap-default\">\n\t\t\t\t\t<div class=\"elementor-column elementor-col-100 elementor-top-column elementor-element elementor-element-0a2719b\" data-id=\"0a2719b\" data-element_type=\"column\">\n\t\t\t<div class=\"elementor-widget-wrap elementor-element-populated\">\n\t\t\t\t\t\t\t\t<div class=\"elementor-element elementor-element-b923d7f elementor-widget elementor-widget-wd_title\" data-id=\"b923d7f\" data-element_type=\"widget\" data-widget_type=\"wd_title.default\">\n\t\t\t\t<div class=\"elementor-widget-container\">\n\t\t\t\t\t<div class=\"title-wrapper set-mb-s reset-last-child wd-title-color-default wd-title-style-default wd-title-size-extra-large text-center\">\n\n\t\t\t\n\t\t\t<div class=\"liner-continer\">\n\t\t\t\t<h4 class=\"woodmart-title-container title wd-fontsize-xxxl\">Nosotros<\/h4> \n\t\t\t\t\t\t\t<\/div>\n\n\t\t\t\t\t\t\t<div class=\"title-after_title set-cont-mb-s reset-last-child wd-fontsize-s\">\n\t\t\t\t\t<p><span style=\"font-weight: 400\">La asociaci\u00f3n nacional de profesionales de la belleza y asociados (ANAPROBEA) es el organismo que representa la industria de la belleza , el cual se fundo el 20 de marzo 2023 con el objetivo de fomentar la competitividad, el desarrollo y el fortalecimiento del sector de la belleza , a trav\u00e9s de la afiliaci\u00f3n de socios y empresas , as\u00ed como la participaci\u00f3n de todos los sectores comerciales.<\/span><\/p><p>\u00a0<\/p>\t\t\t\t<\/div>\n\t\t\t\t\t<\/div>\n\t\t\t\t<\/div>\n\t\t\t\t<\/div>\n\t\t\t\t\t<\/div>\n\t\t<\/div>\n\t\t\t\t\t\t\t<\/div>\n\t\t<\/section>\n\t\t\t\t<section class=\"wd-negative-gap elementor-section elementor-top-section elementor-element elementor-element-f32c963 wd-section-stretch elementor-section-boxed elementor-section-height-default elementor-section-height-default\" data-id=\"f32c963\" data-element_type=\"section\" data-settings=\"{&quot;background_background&quot;:&quot;classic&quot;}\">\n\t\t\t\t\t\t<div class=\"elementor-container elementor-column-gap-default\">\n\t\t\t\t\t<div class=\"elementor-column elementor-col-33 elementor-top-column elementor-element elementor-element-4a1dc0f\" data-id=\"4a1dc0f\" data-element_type=\"column\">\n\t\t\t<div class=\"elementor-widget-wrap elementor-element-populated\">\n\t\t\t\t\t\t\t\t<div class=\"elementor-element elementor-element-40668d0 elementor-widget__width-auto elementor-widget elementor-widget-wd_image_or_svg\" data-id=\"40668d0\" data-element_type=\"widget\" data-widget_type=\"wd_image_or_svg.default\">\n\t\t\t\t<div class=\"elementor-widget-container\">\n\t\t\t\n\t\t<div class=\"wd-image text-left\">\n\t\t\t\t\t\t\t\t<img decoding=\"async\" loading=\"lazy\"  src=\"https:\/\/aso.caritomiel.com\/wp-content\/uploads\/2023\/03\/w-delivery-happy.svg\" title=\"w-delivery-happy\" width=\"64\" height=\"64\">\t\t\t\t\t<\/div>\n\n\t\t\t\t<\/div>\n\t\t\t\t<\/div>\n\t\t\t\t<div class=\"elementor-element elementor-element-3d51dde elementor-widget__width-auto elementor-widget elementor-widget-wd_counter\" data-id=\"3d51dde\" data-element_type=\"widget\" data-widget_type=\"wd_counter.default\">\n\t\t\t\t<div class=\"elementor-widget-container\">\n\t\t\t\t\t\t<link rel=\"stylesheet\" id=\"wd-counter-css\" href=\"https:\/\/aso.caritomiel.com\/wp-content\/themes\/woodmart\/css\/parts\/el-counter.min.css?ver=7.2.3\" type=\"text\/css\" media=\"all\" \/> \t\t\t\t\t<div class=\"woodmart-counter counter-extra-large text-center color-scheme-light\">\n\t\t\t<div class=\"counter-value\" data-state=\"new\" data-final=\"100\">\n\t\t\t\t100\t\t\t<\/div>\n\n\t\t\t\t\t<\/div>\n\t\t\t\t<\/div>\n\t\t\t\t<\/div>\n\t\t\t\t<div class=\"elementor-element elementor-element-2f99b15 elementor-widget elementor-widget-wd_text_block\" data-id=\"2f99b15\" data-element_type=\"widget\" data-widget_type=\"wd_text_block.default\">\n\t\t\t\t<div class=\"elementor-widget-container\">\n\t\t\t\t\t<div class=\"wd-text-block reset-last-child text-center color-title color-scheme-light\">\n\t\t\t\n\t\t\t<p>Socios<\/p>\n\t\t\t\t\t<\/div>\n\t\t\t\t<\/div>\n\t\t\t\t<\/div>\n\t\t\t\t\t<\/div>\n\t\t<\/div>\n\t\t\t\t<div class=\"elementor-column elementor-col-33 elementor-top-column elementor-element elementor-element-64f1533\" data-id=\"64f1533\" data-element_type=\"column\">\n\t\t\t<div class=\"elementor-widget-wrap elementor-element-populated\">\n\t\t\t\t\t\t\t\t<div class=\"elementor-element elementor-element-059b804 elementor-widget__width-auto elementor-widget elementor-widget-wd_image_or_svg\" data-id=\"059b804\" data-element_type=\"widget\" data-widget_type=\"wd_image_or_svg.default\">\n\t\t\t\t<div class=\"elementor-widget-container\">\n\t\t\t\n\t\t<div class=\"wd-image text-left\">\n\t\t\t\t\t\t\t\t<img decoding=\"async\" loading=\"lazy\"  src=\"https:\/\/aso.caritomiel.com\/wp-content\/uploads\/2023\/03\/w-delivery-delivery-man-white.svg\" title=\"w-delivery-delivery-man-white\" width=\"64\" height=\"64\">\t\t\t\t\t<\/div>\n\n\t\t\t\t<\/div>\n\t\t\t\t<\/div>\n\t\t\t\t<div class=\"elementor-element elementor-element-5bcbdd0 elementor-widget__width-auto elementor-widget elementor-widget-wd_counter\" data-id=\"5bcbdd0\" data-element_type=\"widget\" data-widget_type=\"wd_counter.default\">\n\t\t\t\t<div class=\"elementor-widget-container\">\n\t\t\t\t\t<div class=\"woodmart-counter counter-extra-large text-center color-scheme-light\">\n\t\t\t<div class=\"counter-value\" data-state=\"new\" data-final=\"10\">\n\t\t\t\t10\t\t\t<\/div>\n\n\t\t\t\t\t<\/div>\n\t\t\t\t<\/div>\n\t\t\t\t<\/div>\n\t\t\t\t<div class=\"elementor-element elementor-element-95848e5 elementor-widget elementor-widget-wd_text_block\" data-id=\"95848e5\" data-element_type=\"widget\" data-widget_type=\"wd_text_block.default\">\n\t\t\t\t<div class=\"elementor-widget-container\">\n\t\t\t\t\t<div class=\"wd-text-block reset-last-child text-center color-title color-scheme-light\">\n\t\t\t\n\t\t\t<p>Proveedores<\/p>\n\t\t\t\t\t<\/div>\n\t\t\t\t<\/div>\n\t\t\t\t<\/div>\n\t\t\t\t\t<\/div>\n\t\t<\/div>\n\t\t\t\t<div class=\"elementor-column elementor-col-33 elementor-top-column elementor-element elementor-element-f8eaf4f\" data-id=\"f8eaf4f\" data-element_type=\"column\">\n\t\t\t<div class=\"elementor-widget-wrap elementor-element-populated\">\n\t\t\t\t\t\t\t\t<div class=\"elementor-element elementor-element-ab2a440 elementor-widget__width-auto elementor-widget elementor-widget-wd_image_or_svg\" data-id=\"ab2a440\" data-element_type=\"widget\" data-widget_type=\"wd_image_or_svg.default\">\n\t\t\t\t<div class=\"elementor-widget-container\">\n\t\t\t\n\t\t<div class=\"wd-image text-left\">\n\t\t\t\t\t\t\t\t<img decoding=\"async\" loading=\"lazy\"  src=\"https:\/\/aso.caritomiel.com\/wp-content\/uploads\/2023\/03\/w-delivery-way.svg\" title=\"w-delivery-way\" width=\"64\" height=\"64\">\t\t\t\t\t<\/div>\n\n\t\t\t\t<\/div>\n\t\t\t\t<\/div>\n\t\t\t\t<div class=\"elementor-element elementor-element-f4a4b11 elementor-widget__width-auto elementor-widget elementor-widget-wd_counter\" data-id=\"f4a4b11\" data-element_type=\"widget\" data-widget_type=\"wd_counter.default\">\n\t\t\t\t<div class=\"elementor-widget-container\">\n\t\t\t\t\t<div class=\"woodmart-counter counter-extra-large text-center color-scheme-light\">\n\t\t\t<div class=\"counter-value\" data-state=\"new\" data-final=\"2\">\n\t\t\t\t2\t\t\t<\/div>\n\n\t\t\t\t\t<\/div>\n\t\t\t\t<\/div>\n\t\t\t\t<\/div>\n\t\t\t\t<div class=\"elementor-element elementor-element-78e4a98 elementor-widget elementor-widget-wd_text_block\" data-id=\"78e4a98\" data-element_type=\"widget\" data-widget_type=\"wd_text_block.default\">\n\t\t\t\t<div class=\"elementor-widget-container\">\n\t\t\t\t\t<div class=\"wd-text-block reset-last-child text-center color-title color-scheme-light\">\n\t\t\t\n\t\t\t<p>Sedes en M\u00e9rida<\/p>\n\t\t\t\t\t<\/div>\n\t\t\t\t<\/div>\n\t\t\t\t<\/div>\n\t\t\t\t\t<\/div>\n\t\t<\/div>\n\t\t\t\t\t\t\t<\/div>\n\t\t<\/section>\n\t\t\t\t<section class=\"wd-negative-gap elementor-section elementor-top-section elementor-element elementor-element-b161417 wd-section-stretch elementor-section-boxed elementor-section-height-default elementor-section-height-default\" data-id=\"b161417\" data-element_type=\"section\" data-settings=\"{&quot;background_background&quot;:&quot;classic&quot;}\">\n\t\t\t\t\t\t<div class=\"elementor-container elementor-column-gap-default\">\n\t\t\t\t\t<div class=\"elementor-column elementor-col-100 elementor-top-column elementor-element elementor-element-d4f92bb\" data-id=\"d4f92bb\" data-element_type=\"column\">\n\t\t\t<div class=\"elementor-widget-wrap elementor-element-populated\">\n\t\t\t\t\t\t\t\t<div class=\"elementor-element elementor-element-449aa97 elementor-widget elementor-widget-wd_title\" data-id=\"449aa97\" data-element_type=\"widget\" data-widget_type=\"wd_title.default\">\n\t\t\t\t<div class=\"elementor-widget-container\">\n\t\t\t\t\t<div class=\"title-wrapper set-mb-s reset-last-child wd-title-color-default wd-title-style-default wd-title-size-extra-large text-center\">\n\n\t\t\t\n\t\t\t<div class=\"liner-continer\">\n\t\t\t\t<h4 class=\"woodmart-title-container title wd-fontsize-xxxl\">Creces T\u00da, crecemos todos<\/h4> \n\t\t\t\t\t\t\t<\/div>\n\n\t\t\t\t\t<\/div>\n\t\t\t\t<\/div>\n\t\t\t\t<\/div>\n\t\t\t\t\t<\/div>\n\t\t<\/div>\n\t\t\t\t\t\t\t<\/div>\n\t\t<\/section>\n\t\t\t\t<section class=\"wd-negative-gap elementor-section elementor-top-section elementor-element elementor-element-cd3a2a6 wd-section-stretch elementor-section-boxed elementor-section-height-default elementor-section-height-default\" data-id=\"cd3a2a6\" data-element_type=\"section\" data-settings=\"{&quot;background_background&quot;:&quot;classic&quot;}\">\n\t\t\t\t\t\t<div class=\"elementor-container elementor-column-gap-default\">\n\t\t\t\t\t<div class=\"elementor-column elementor-col-100 elementor-top-column elementor-element elementor-element-2015714\" data-id=\"2015714\" data-element_type=\"column\">\n\t\t\t<div class=\"elementor-widget-wrap elementor-element-populated\">\n\t\t\t\t\t\t\t\t<section class=\"wd-negative-gap elementor-section elementor-inner-section elementor-element elementor-element-9910bbf elementor-section-content-middle elementor-section-boxed elementor-section-height-default elementor-section-height-default wd-section-disabled\" data-id=\"9910bbf\" data-element_type=\"section\">\n\t\t\t\t\t\t<div class=\"elementor-container elementor-column-gap-default\">\n\t\t\t\t\t<div class=\"elementor-column elementor-col-33 elementor-inner-column elementor-element elementor-element-14598ce\" data-id=\"14598ce\" data-element_type=\"column\">\n\t\t\t<div class=\"elementor-widget-wrap elementor-element-populated\">\n\t\t\t\t\t\t\t\t<div class=\"elementor-element elementor-element-5a29c27 elementor-widget elementor-widget-wd_image_or_svg\" data-id=\"5a29c27\" data-element_type=\"widget\" data-widget_type=\"wd_image_or_svg.default\">\n\t\t\t\t<div class=\"elementor-widget-container\">\n\t\t\t\n\t\t<div class=\"wd-image text-left\">\n\t\t\t\t\t\t\t\t<img width=\"974\" height=\"943\" src=\"https:\/\/aso.caritomiel.com\/wp-content\/uploads\/2023\/05\/unnamed-2.png\" class=\"attachment-full size-full wp-image-15622\" alt=\"\" decoding=\"async\" loading=\"lazy\" srcset=\"https:\/\/aso.caritomiel.com\/wp-content\/uploads\/2023\/05\/unnamed-2.png 974w, https:\/\/aso.caritomiel.com\/wp-content\/uploads\/2023\/05\/unnamed-2-430x416.png 430w, https:\/\/aso.caritomiel.com\/wp-content\/uploads\/2023\/05\/unnamed-2-150x145.png 150w, https:\/\/aso.caritomiel.com\/wp-content\/uploads\/2023\/05\/unnamed-2-700x678.png 700w, https:\/\/aso.caritomiel.com\/wp-content\/uploads\/2023\/05\/unnamed-2-310x300.png 310w, https:\/\/aso.caritomiel.com\/wp-content\/uploads\/2023\/05\/unnamed-2-826x800.png 826w, https:\/\/aso.caritomiel.com\/wp-content\/uploads\/2023\/05\/unnamed-2-768x744.png 768w, https:\/\/aso.caritomiel.com\/wp-content\/uploads\/2023\/05\/unnamed-2-860x833.png 860w\" sizes=\"(max-width: 974px) 100vw, 974px\" \/>\t\t\t\t\t<\/div>\n\n\t\t\t\t<\/div>\n\t\t\t\t<\/div>\n\t\t\t\t\t<\/div>\n\t\t<\/div>\n\t\t\t\t<div class=\"elementor-column elementor-col-66 elementor-inner-column elementor-element elementor-element-d684e8a\" data-id=\"d684e8a\" data-element_type=\"column\">\n\t\t\t<div class=\"elementor-widget-wrap elementor-element-populated\">\n\t\t\t\t\t\t\t\t<div class=\"elementor-element elementor-element-b4a0743 elementor-widget elementor-widget-wd_title\" data-id=\"b4a0743\" data-element_type=\"widget\" data-widget_type=\"wd_title.default\">\n\t\t\t\t<div class=\"elementor-widget-container\">\n\t\t\t\t\t<div class=\"title-wrapper set-mb-s reset-last-child wd-title-color-default wd-title-style-default wd-title-size-extra-large text-left\">\n\n\t\t\t\n\t\t\t<div class=\"liner-continer\">\n\t\t\t\t<h4 class=\"woodmart-title-container title wd-fontsize-xxxl\">Misi\u00f3n<\/h4> \n\t\t\t\t\t\t\t<\/div>\n\n\t\t\t\t\t\t\t<div class=\"title-after_title set-cont-mb-s reset-last-child wd-fontsize-s\">\n\t\t\t\t\t<p>Guiamos a profesionales y afiliados para su crecimiento\u00a0 profesional , por medio de capacitaciones en t\u00e9cnicas y procedimientos m\u00e1s actuales o avanzados , promoviendo la regulaci\u00f3n de precios competitivos en el mercado, y enlazando mediante networking a los socios, proveedores y profesionales de fama nacional e internacional.<\/p>\t\t\t\t<\/div>\n\t\t\t\t\t<\/div>\n\t\t\t\t<\/div>\n\t\t\t\t<\/div>\n\t\t\t\t\t<\/div>\n\t\t<\/div>\n\t\t\t\t\t\t\t<\/div>\n\t\t<\/section>\n\t\t\t\t<section class=\"wd-negative-gap elementor-section elementor-inner-section elementor-element elementor-element-47a7ad0 elementor-section-content-middle elementor-section-boxed elementor-section-height-default elementor-section-height-default wd-section-disabled\" data-id=\"47a7ad0\" data-element_type=\"section\">\n\t\t\t\t\t\t<div class=\"elementor-container elementor-column-gap-default\">\n\t\t\t\t\t<div class=\"elementor-column elementor-col-66 elementor-inner-column elementor-element elementor-element-02fc9b7\" data-id=\"02fc9b7\" data-element_type=\"column\">\n\t\t\t<div class=\"elementor-widget-wrap elementor-element-populated\">\n\t\t\t\t\t\t\t\t<div class=\"elementor-element elementor-element-05a49da elementor-widget elementor-widget-wd_title\" data-id=\"05a49da\" data-element_type=\"widget\" data-widget_type=\"wd_title.default\">\n\t\t\t\t<div class=\"elementor-widget-container\">\n\t\t\t\t\t<div class=\"title-wrapper set-mb-s reset-last-child wd-title-color-default wd-title-style-default wd-title-size-extra-large text-right\">\n\n\t\t\t\n\t\t\t<div class=\"liner-continer\">\n\t\t\t\t<h4 class=\"woodmart-title-container title wd-fontsize-xxxl\">Visi\u00f3n<\/h4> \n\t\t\t\t\t\t\t<\/div>\n\n\t\t\t\t\t\t\t<div class=\"title-after_title set-cont-mb-s reset-last-child wd-fontsize-s\">\n\t\t\t\t\t<p>Ser la instituci\u00f3n m\u00e1s importante a nivel nacional e internacional que impulse a los profesionales mexicanos de la belleza a tener un crecimiento exponencial en M\u00e9xico y en otros pa\u00edses , para destacar como lideres en la industria.\u00a0<\/p>\t\t\t\t<\/div>\n\t\t\t\t\t<\/div>\n\t\t\t\t<\/div>\n\t\t\t\t<\/div>\n\t\t\t\t<div class=\"elementor-element elementor-element-ae76b3b elementor-widget elementor-widget-wd_button\" data-id=\"ae76b3b\" data-element_type=\"widget\" data-widget_type=\"wd_button.default\">\n\t\t\t\t<div class=\"elementor-widget-container\">\n\t\t\t\t\t<div class=\"wd-button-wrapper text-right\" >\n\t\t\t<a class=\"btn btn-style-default btn-style-semi-round btn-size-default btn-color-primary btn-icon-pos-right\"  href=\"#\">\n\t\t\t\t<span class=\"wd-btn-text\" data-elementor-setting-key=\"text\">\n\t\t\t\t\tBeneficios de ser socio\t\t\t\t<\/span>\n\n\t\t\t\t\t\t\t<\/a>\n\t\t<\/div>\n\t\t\t\t<\/div>\n\t\t\t\t<\/div>\n\t\t\t\t\t<\/div>\n\t\t<\/div>\n\t\t\t\t<div class=\"elementor-column elementor-col-33 elementor-inner-column elementor-element elementor-element-cc744ba\" data-id=\"cc744ba\" data-element_type=\"column\">\n\t\t\t<div class=\"elementor-widget-wrap elementor-element-populated\">\n\t\t\t\t\t\t\t\t<div class=\"elementor-element elementor-element-19e886b elementor-widget elementor-widget-wd_image_or_svg\" data-id=\"19e886b\" data-element_type=\"widget\" data-widget_type=\"wd_image_or_svg.default\">\n\t\t\t\t<div class=\"elementor-widget-container\">\n\t\t\t\n\t\t<div class=\"wd-image text-left\">\n\t\t\t\t\t\t\t\t<img width=\"1000\" height=\"667\" src=\"https:\/\/aso.caritomiel.com\/wp-content\/uploads\/2023\/05\/1978f202d1.jpeg\" class=\"attachment-full size-full wp-image-6181\" alt=\"\" decoding=\"async\" loading=\"lazy\" srcset=\"https:\/\/aso.caritomiel.com\/wp-content\/uploads\/2023\/05\/1978f202d1.jpeg 1000w, https:\/\/aso.caritomiel.com\/wp-content\/uploads\/2023\/05\/1978f202d1-430x287.jpeg 430w, https:\/\/aso.caritomiel.com\/wp-content\/uploads\/2023\/05\/1978f202d1-150x100.jpeg 150w, https:\/\/aso.caritomiel.com\/wp-content\/uploads\/2023\/05\/1978f202d1-700x467.jpeg 700w, https:\/\/aso.caritomiel.com\/wp-content\/uploads\/2023\/05\/1978f202d1-300x200.jpeg 300w, https:\/\/aso.caritomiel.com\/wp-content\/uploads\/2023\/05\/1978f202d1-768x512.jpeg 768w\" sizes=\"(max-width: 1000px) 100vw, 1000px\" \/>\t\t\t\t\t<\/div>\n\n\t\t\t\t<\/div>\n\t\t\t\t<\/div>\n\t\t\t\t\t<\/div>\n\t\t<\/div>\n\t\t\t\t\t\t\t<\/div>\n\t\t<\/section>\n\t\t\t\t\t<\/div>\n\t\t<\/div>\n\t\t\t\t\t\t\t<\/div>\n\t\t<\/section>\n\t\t\t\t\t\t\t<\/div>\n\t\t","protected":false},"excerpt":{"rendered":"<p>Asociaci\u00f3n de Profesionales de la Belleza y Asociados Nosotros La asociaci\u00f3n nacional de profesionales de la belleza y asociados (ANAPROBEA)<\/p>\n","protected":false},"author":2,"featured_media":0,"parent":0,"menu_order":0,"comment_status":"closed","ping_status":"closed","template":"","meta":[],"_links":{"self":[{"href":"https:\/\/aso.caritomiel.com\/index.php?rest_route=\/wp\/v2\/pages\/14354"}],"collection":[{"href":"https:\/\/aso.caritomiel.com\/index.php?rest_route=\/wp\/v2\/pages"}],"about":[{"href":"https:\/\/aso.caritomiel.com\/index.php?rest_route=\/wp\/v2\/types\/page"}],"author":[{"embeddable":true,"href":"https:\/\/aso.caritomiel.com\/index.php?rest_route=\/wp\/v2\/users\/2"}],"replies":[{"embeddable":true,"href":"https:\/\/aso.caritomiel.com\/index.php?rest_route=%2Fwp%2Fv2%2Fcomments&post=14354"}],"version-history":[{"count":43,"href":"https:\/\/aso.caritomiel.com\/index.php?rest_route=\/wp\/v2\/pages\/14354\/revisions"}],"predecessor-version":[{"id":15800,"href":"https:\/\/aso.caritomiel.com\/index.php?rest_route=\/wp\/v2\/pages\/14354\/revisions\/15800"}],"wp:attachment":[{"href":"https:\/\/aso.caritomiel.com\/index.php?rest_route=%2Fwp%2Fv2%2Fmedia&parent=14354"}],"curies":[{"name":"wp","href":"https:\/\/api.w.org\/{rel}","templated":true}]}}